{"id":35,"date":"2015-09-23T09:12:30","date_gmt":"2015-09-23T07:12:30","guid":{"rendered":"http:\/\/www.diestechsrl.com\/sito\/?page_id=35"},"modified":"2015-09-23T09:12:30","modified_gmt":"2015-09-23T07:12:30","slug":"portastampi-per-materie-palstiche","status":"publish","type":"page","link":"http:\/\/www.diestechsrl.com\/sito\/portastampi-per-materie-palstiche\/","title":{"rendered":"Portastampi per materie palstiche"},"content":{"rendered":"<div id=\"pl-35\"  class=\"panel-layout\" ><div id=\"pg-35-0\"  class=\"panel-grid panel-no-style\" ><div id=\"pgc-35-0-0\"  class=\"panel-grid-cell\" ><div id=\"panel-35-0-0-0\" class=\"so-panel widget widget_black-studio-tinymce widget_black_studio_tinymce panel-first-child panel-last-child\" data-index=\"0\" ><div class=\"textwidget\"><p><strong>I portastampi<\/strong> forniti hanno la peculiarit\u00e0 di essere rettificati sia sui piani che, per la piastra di iniezione ed estrazione, anche sul perimetro. La qualit\u00e0 \u00e8 garantita da un collaudo dimensionale a tappeto soprattutto sugli interessi tra le alesature; Le piastre possono essere fornite sia in mat. 1.1730 che in 1.2738.<\/p>\n<p>Oltre alle dimensioni standard, siamo in grado di fornire perimetrali e spessori\u00a0fuori misura o portastampi con lavorazioni a disegno, ad esempio esecuzione cave, raffreddamenti, sede carrelli ecc ecc.<\/p>\n<\/div><\/div><\/div><div id=\"pgc-35-0-1\"  class=\"panel-grid-cell\" ><div id=\"panel-35-0-1-0\" class=\"so-panel widget widget_black-studio-tinymce widget_black_studio_tinymce panel-first-child panel-last-child\" data-index=\"1\" ><div class=\"textwidget\"><p><div id=\"attachment_38\" style=\"width: 1628px\" class=\"wp-caption alignnone\"><a href=\"http:\/\/www.diestechsrl.com\/sito\/wp-content\/uploads\/2015\/09\/portastampo-per-materie-plastiche.jpg\"><img aria-describedby=\"caption-attachment-38\" class=\"size-full wp-image-38\" src=\"http:\/\/www.diestechsrl.com\/sito\/wp-content\/uploads\/2015\/09\/portastampo-per-materie-plastiche.jpg\" alt=\"portastampo-per-materie-plastiche\" width=\"1618\" height=\"1212\" \/><\/a><p id=\"caption-attachment-38\" class=\"wp-caption-text\">portastampo-per-materie-plastiche<\/p><\/div><\/p>\n<\/div><\/div><\/div><\/div><\/div>","protected":false},"excerpt":{"rendered":"<p>I portastampi forniti hanno la peculiarit\u00e0 di essere rettificati sia sui piani che, per la piastra di iniezione ed estrazione, anche sul perimetro. La qualit\u00e0 \u00e8 garantita da un collaudo dimensionale a tappeto soprattutto sugli interessi tra le alesature; Le piastre possono essere fornite sia in mat. 1.1730 che in \u2026<\/p>\n<p> <a class=\"continue-reading-link\" href=\"http:\/\/www.diestechsrl.com\/sito\/portastampi-per-materie-palstiche\/\">Continue reading<i class=\"icon-right-dir\"><\/i><\/a><\/p>\n","protected":false},"author":2,"featured_media":0,"parent":0,"menu_order":0,"comment_status":"closed","ping_status":"closed","template":"","meta":[],"_links":{"self":[{"href":"http:\/\/www.diestechsrl.com\/sito\/wp-json\/wp\/v2\/pages\/35"}],"collection":[{"href":"http:\/\/www.diestechsrl.com\/sito\/wp-json\/wp\/v2\/pages"}],"about":[{"href":"http:\/\/www.diestechsrl.com\/sito\/wp-json\/wp\/v2\/types\/page"}],"author":[{"embeddable":true,"href":"http:\/\/www.diestechsrl.com\/sito\/wp-json\/wp\/v2\/users\/2"}],"replies":[{"embeddable":true,"href":"http:\/\/www.diestechsrl.com\/sito\/wp-json\/wp\/v2\/comments?post=35"}],"version-history":[{"count":0,"href":"http:\/\/www.diestechsrl.com\/sito\/wp-json\/wp\/v2\/pages\/35\/revisions"}],"wp:attachment":[{"href":"http:\/\/www.diestechsrl.com\/sito\/wp-json\/wp\/v2\/media?parent=35"}],"curies":[{"name":"wp","href":"https:\/\/api.w.org\/{rel}","templated":true}]}}