{"id":110,"date":"2015-10-07T18:27:30","date_gmt":"2015-10-07T16:27:30","guid":{"rendered":"http:\/\/www.diestechsrl.com\/sito\/?page_id=110"},"modified":"2015-10-07T18:27:30","modified_gmt":"2015-10-07T16:27:30","slug":"lavorazioni-meccaniche","status":"publish","type":"page","link":"http:\/\/www.diestechsrl.com\/sito\/lavorazioni-meccaniche\/","title":{"rendered":"Lavorazioni meccaniche"},"content":{"rendered":"<div id=\"pl-110\"  class=\"panel-layout\" ><div id=\"pg-110-0\"  class=\"panel-grid panel-no-style\" ><div id=\"pgc-110-0-0\"  class=\"panel-grid-cell\" ><div id=\"panel-110-0-0-0\" class=\"so-panel widget widget_black-studio-tinymce widget_black_studio_tinymce panel-first-child\" data-index=\"0\" ><div class=\"textwidget\"><p>\u00a0<\/p>\n<p>\u00a0<\/p>\n<p>\u00a0<\/p>\n<p>\u00a0<\/p>\n<p>\u00a0<\/p>\n<p>La compartecipazione commerciale con operatori settoriali ci permette di offrire lavorazioni 2D \u00a0e 3D su piastre.\u00a0<\/p>\n<p>\u00a0<\/p>\n<\/div><\/div><div id=\"panel-110-0-0-1\" class=\"so-panel widget widget_black-studio-tinymce widget_black_studio_tinymce\" data-index=\"1\" ><div class=\"textwidget\"><p>\u00a0<\/p>\n<p>\u00a0<\/p>\n<p>\u00a0<\/p>\n<p>\u00a0<\/p>\n<p>\u00a0<\/p>\n<p>\u00a0<\/p>\n<p>Il servizio prevede la fornitura completa o la sola lavorazione conto terzi<\/p>\n<p>\u00a0<\/p>\n<\/div><\/div><div id=\"panel-110-0-0-2\" class=\"so-panel widget widget_black-studio-tinymce widget_black_studio_tinymce\" data-index=\"2\" ><div class=\"textwidget\"><p>\u00a0<\/p>\n<p>\u00a0<\/p>\n<p>\u00a0<\/p>\n<p>\u00a0<\/p>\n<p>La <b>rettifica<\/b> \u00e8 quella procedura eseguita con una macchina chiamata rettificatrice, che ha come utensile una mola a grana fine ed estremamente dura. La rettifica serve per portare un qualsiasi componente nello stato di forma o superficie ottimale di progetto; questa operazione segue infatti la sgrossatura. Mentre la sgrossatura toglie il grosso dei residui, la rettifica fa s\u00ec che tutti i residui o il materiale in eccesso vengano eliminati garantendo alla superficie lavorata un alto grado di finitura<\/p>\n<p>\u00a0<\/p>\n<p>\u00a0<\/p>\n<p>Le finiture dei piani possono essere di tangenziale<\/p>\n<p>\u00a0<\/p>\n<p>\u00a0<\/p>\n<\/div><\/div><div id=\"panel-110-0-0-3\" class=\"so-panel widget widget_black-studio-tinymce widget_black_studio_tinymce panel-last-child\" data-index=\"3\" ><div class=\"textwidget\"><p>\u00a0<\/p>\n<p>\u00a0<\/p>\n<p>\u00a0<\/p>\n<p>\u00a0<\/p>\n<p>La <b>lapidellatura<\/b> (o <b>lapidatura<\/b>) \u00e8 una lavorazione meccanica di finitura superficiale eseguita asportando il materiale tramite abrasione, attraverso delle macchine chiamate <b>lapidatrici<\/b>.<\/p>\n<p>Lo scopo della lavorazione \u00e8 quello di ottenere superfici perfettamente planari e un'ottima finitura superficiale. Le superfici cos\u00ec trattate si presentano lisce e lucide.<\/p>\n<p>La lapidellatura \u00e8 una lavorazione che si accosta alla rettifica, dove per\u00f2 diverge lo scopo primario: nella prima lo scopo primario \u00e8 quello di ottenere la migliore planarit\u00e0 tecnicamente realizzabile, nella seconda quella di ottenere la quota di lavorazione nominale (comunque con un buon grado di finitura).<\/p>\n<p>\u00a0<\/p>\n<p>\u00a0<\/p>\n<p>Le finiture dei piani possono essere di lapidello<\/p>\n<p>\u00a0<\/p>\n<p>\u00a0<\/p>\n<\/div><\/div><\/div><div id=\"pgc-110-0-1\"  class=\"panel-grid-cell\" ><div id=\"panel-110-0-1-0\" class=\"so-panel widget widget_black-studio-tinymce widget_black_studio_tinymce panel-first-child\" data-index=\"4\" ><div class=\"textwidget\"><p><a href=\"http:\/\/www.diestechsrl.com\/sito\/wp-content\/uploads\/2015\/10\/20151007_114722_HDR1.jpg\"><img class=\"alignnone wp-image-114\" src=\"http:\/\/www.diestechsrl.com\/sito\/wp-content\/uploads\/2015\/10\/20151007_114722_HDR1-169x300.jpg\" alt=\"20151007_114722_HDR\" width=\"286\" height=\"508\" \/><\/a><\/p>\n<p>\u00a0<\/p>\n<\/div><\/div><div id=\"panel-110-0-1-1\" class=\"so-panel widget widget_black-studio-tinymce widget_black_studio_tinymce\" data-index=\"5\" ><div class=\"textwidget\"><p><a href=\"http:\/\/www.diestechsrl.com\/sito\/wp-content\/uploads\/2015\/10\/20151007_1148151.jpg\"><img class=\"alignnone  wp-image-115\" src=\"http:\/\/www.diestechsrl.com\/sito\/wp-content\/uploads\/2015\/10\/20151007_1148151-300x169.jpg\" alt=\"20151007_114815\" width=\"490\" height=\"276\" \/><\/a><\/p>\n<p>\u00a0<\/p>\n<\/div><\/div><div id=\"panel-110-0-1-2\" class=\"so-panel widget widget_black-studio-tinymce widget_black_studio_tinymce\" data-index=\"6\" ><div class=\"textwidget\"><p><a href=\"http:\/\/www.diestechsrl.com\/sito\/wp-content\/uploads\/2015\/10\/20151007_1146441.jpg\"><img class=\"alignnone  wp-image-111\" src=\"http:\/\/www.diestechsrl.com\/sito\/wp-content\/uploads\/2015\/10\/20151007_1146441-169x300.jpg\" alt=\"20151007_114644\" width=\"223\" height=\"396\" \/><\/a><\/p>\n<p>\u00a0<\/p>\n<\/div><\/div><div id=\"panel-110-0-1-3\" class=\"so-panel widget widget_black-studio-tinymce widget_black_studio_tinymce panel-last-child\" data-index=\"7\" ><div class=\"textwidget\"><p><a href=\"http:\/\/www.diestechsrl.com\/sito\/wp-content\/uploads\/2015\/10\/20151007_115102.jpg\"><img class=\"alignnone  wp-image-107\" src=\"http:\/\/www.diestechsrl.com\/sito\/wp-content\/uploads\/2015\/10\/20151007_115102-169x300.jpg\" alt=\"20151007_115102\" width=\"380\" height=\"674\" \/><\/a><\/p>\n<p>\u00a0<\/p>\n<\/div><\/div><\/div><\/div><div id=\"pg-110-1\"  class=\"panel-grid panel-no-style\" ><div id=\"pgc-110-1-0\"  class=\"panel-grid-cell panel-grid-cell-empty panel-grid-cell-mobile-last\" ><\/div><div id=\"pgc-110-1-1\"  class=\"panel-grid-cell panel-grid-cell-empty\" ><\/div><\/div><\/div>","protected":false},"excerpt":{"rendered":"<p>\u00a0\u00a0\u00a0\u00a0\u00a0La compartecipazione commerciale con operatori settoriali ci permette di offrire lavorazioni 2D \u00a0e 3D su piastre.\u00a0\u00a0 \u00a0\u00a0\u00a0\u00a0\u00a0\u00a0Il servizio prevede la fornitura completa o la sola lavorazione conto terzi\u00a0 \u00a0\u00a0\u00a0\u00a0La rettifica \u00e8 quella procedura eseguita con una macchina chiamata rettificatrice, che ha come utensile una mola a grana fine ed estremamente \u2026<\/p>\n<p> <a class=\"continue-reading-link\" href=\"http:\/\/www.diestechsrl.com\/sito\/lavorazioni-meccaniche\/\">Continue reading<i class=\"icon-right-dir\"><\/i><\/a><\/p>\n","protected":false},"author":3,"featured_media":0,"parent":0,"menu_order":0,"comment_status":"closed","ping_status":"closed","template":"","meta":[],"_links":{"self":[{"href":"http:\/\/www.diestechsrl.com\/sito\/wp-json\/wp\/v2\/pages\/110"}],"collection":[{"href":"http:\/\/www.diestechsrl.com\/sito\/wp-json\/wp\/v2\/pages"}],"about":[{"href":"http:\/\/www.diestechsrl.com\/sito\/wp-json\/wp\/v2\/types\/page"}],"author":[{"embeddable":true,"href":"http:\/\/www.diestechsrl.com\/sito\/wp-json\/wp\/v2\/users\/3"}],"replies":[{"embeddable":true,"href":"http:\/\/www.diestechsrl.com\/sito\/wp-json\/wp\/v2\/comments?post=110"}],"version-history":[{"count":0,"href":"http:\/\/www.diestechsrl.com\/sito\/wp-json\/wp\/v2\/pages\/110\/revisions"}],"wp:attachment":[{"href":"http:\/\/www.diestechsrl.com\/sito\/wp-json\/wp\/v2\/media?parent=110"}],"curies":[{"name":"wp","href":"https:\/\/api.w.org\/{rel}","templated":true}]}}